{"id":1054,"date":"2024-07-01T15:36:45","date_gmt":"2024-07-01T15:36:45","guid":{"rendered":"https:\/\/www.ccmoedling.at\/?page_id=1054"},"modified":"2024-08-08T13:01:47","modified_gmt":"2024-08-08T13:01:47","slug":"parkdeck","status":"publish","type":"page","link":"https:\/\/www.ccmoedling.at\/index.php\/uber-ccm\/parkdeck\/","title":{"rendered":"Parkdeck"},"content":{"rendered":"\n<figure class=\"wp-block-gallery aligncenter has-nested-images columns-default is-cropped wp-block-gallery-1 is-layout-flex wp-block-gallery-is-layout-flex\">\n<figure class=\"wp-block-image size-full\"><img loading=\"lazy\" decoding=\"async\" width=\"1200\" height=\"1600\" data-id=\"1068\" src=\"https:\/\/www.ccmoedling.at\/wp-content\/uploads\/2024\/08\/Schield2.jpg\" alt=\"\" class=\"wp-image-1068\" srcset=\"https:\/\/www.ccmoedling.at\/wp-content\/uploads\/2024\/08\/Schield2.jpg 1200w, https:\/\/www.ccmoedling.at\/wp-content\/uploads\/2024\/08\/Schield2-225x300.jpg 225w, https:\/\/www.ccmoedling.at\/wp-content\/uploads\/2024\/08\/Schield2-768x1024.jpg 768w, https:\/\/www.ccmoedling.at\/wp-content\/uploads\/2024\/08\/Schield2-1152x1536.jpg 1152w, https:\/\/www.ccmoedling.at\/wp-content\/uploads\/2024\/08\/Schield2-960x1280.jpg 960w\" sizes=\"auto, (max-width: 1200px) 100vw, 1200px\" \/><\/figure>\n\n\n\n<figure class=\"wp-block-image size-full\"><img loading=\"lazy\" decoding=\"async\" width=\"480\" height=\"640\" data-id=\"1067\" src=\"https:\/\/www.ccmoedling.at\/wp-content\/uploads\/2024\/08\/Schield.jpg\" alt=\"\" class=\"wp-image-1067\" srcset=\"https:\/\/www.ccmoedling.at\/wp-content\/uploads\/2024\/08\/Schield.jpg 480w, https:\/\/www.ccmoedling.at\/wp-content\/uploads\/2024\/08\/Schield-225x300.jpg 225w\" sizes=\"auto, (max-width: 480px) 100vw, 480px\" \/><\/figure>\n\n\n\n<figure class=\"wp-block-image size-full\"><img loading=\"lazy\" decoding=\"async\" width=\"1600\" height=\"1200\" data-id=\"1066\" src=\"https:\/\/www.ccmoedling.at\/wp-content\/uploads\/2024\/08\/3.jpg\" alt=\"\" class=\"wp-image-1066\" srcset=\"https:\/\/www.ccmoedling.at\/wp-content\/uploads\/2024\/08\/3.jpg 1600w, https:\/\/www.ccmoedling.at\/wp-content\/uploads\/2024\/08\/3-300x225.jpg 300w, https:\/\/www.ccmoedling.at\/wp-content\/uploads\/2024\/08\/3-1024x768.jpg 1024w, https:\/\/www.ccmoedling.at\/wp-content\/uploads\/2024\/08\/3-768x576.jpg 768w, https:\/\/www.ccmoedling.at\/wp-content\/uploads\/2024\/08\/3-1536x1152.jpg 1536w, https:\/\/www.ccmoedling.at\/wp-content\/uploads\/2024\/08\/3-960x720.jpg 960w\" sizes=\"auto, (max-width: 1600px) 100vw, 1600px\" \/><\/figure>\n<\/figure>\n\n\n\n<p>Technischer 24h NOTDIENST 0664 216 33 33<\/p>\n<p>Ihr CCM-Team<\/p>\n<p><strong>CITY CENTER M\u00d6DLING:<\/strong>\u00a0Wir sind Privatparkplatzbetreiber der rd. 50 Stellpl\u00e4tze im EG. Vermietet werden diese ausschlie\u00dflich an Kunden unserer Mieter des CCM. Wichtig ist, dass den Kunden unserer Mieter das reibungslose Parken erm\u00f6glicht wird. Fremdparker von anderen Firmen wie dies in der Vergangenheit leider bereits \u00dcberhand genommen hat, hat uns dazu gezwungen, das Parkkonzept NEU zu gestalten. Ebenso die \u00d6BB hat ihrerseits die Parkebenen mit Kameras ausgestattet und installiert ebenfalls eine Schrankenanlage in Kombination mit dem Parkticket.\u00a0<strong>REGELUNG PARKEBENE im EG CCM:<\/strong><\/p>\n<ol>\n<li><strong>F\u00fcr die Besucher unseres Hauses gilt ein maximaler Gratiszeitraum von 15 Minuten bis zu 2 Stunden, eine dar\u00fcberhinaus n\u00f6tige Dauer k\u00f6nnen Sie als Vermieter dem Kunden in Form eines zus\u00e4tzlichen Bon schenken oder der Kunde bezahlt die \u00dcberzeit und muss nicht mehr den Termin unterbrechen und ein neues Ticket l\u00f6sen!!!\u00a0<\/strong>\u00a0Beispiel:Ihr Kunde kommt zu Ihnen und bleibt 15\/30\/60\/120 Minuten, dann bekommt dieser Bon-Karten mit einem Wert von 15\/30\/60 Minuten von Ihnen ausgeh\u00e4ndigt.Ihr Kunde kommt zu Ihnen und bleibt 120 Minuten, dann bekommt dieser 2 Bon-Karten je 60 Minuten von Ihnen ausgeh\u00e4ndigt. Die Bon-Karten k\u00f6nnen beliebig aneinander gereiht werden um die gew\u00fcnschte Zeit zu bekommen.Ihr Kunde kommt zu Ihnen und bleibt 4 Stunden, dann bekommt dieser 2 Bon-Karten je 60 Minuten gratis von Ihnen und muss die restliche Zeit beim Kassenautomat bezahlen. Sollten Sie ihrem Kunden 2 Bon-Karten je 60 Minuten zus\u00e4tzlich schenken wollen, dann sind EUR 2,00 Euro dem Vermieter zu bezahlen.Ihr Kunde kommt zu Ihnen und bleibt 1 Stunde, dann bekommt dieser 1 Bon-Karte je 60 Minuten gratis. Bleibt der Kunde noch 1 Stunde woanders im Haus (Billa, Apotheke, CCM Caf\u00e9, Friseur, K\u00fcchenstudio) dann bekommt dieser dort eine weitere Stunde in Form einer 60 Minuten Bon-Karte von Ihnen ausgeh\u00e4ndigt. Geht ihr Kunde dann noch in ein Restaurant oder an einen anderen Ort au\u00dferhalb des CCM, dann muss dieser je angefangener halben Stunde EUR 2,00 am Kassenautomat direkt bezahlen. DIE KAMERA ERFASST JEDES AUTO UND ERMITTELT DIE VERWEILDAUER IN DER PARKANLAGE. DAMIT K\u00d6NNEN LANGPARKER ERMITTELT \/ \u00dcBERPR\u00dcFT UND ZU UNSEREN KUNDEN ZUGEORDNET WERDEN; ERFOLGT EIN DIEBSTAHL VON BON-KARTEN IST DIES \u00dcBER DEN BEZAHLVORGANG ZUORDENBAR, DA S\u00c4MTLICHE BON- IST DIES \u00dcBER DEN BEZAHLVORGANG ZUORDENBAR, DA S\u00c4MTLICHE BON-KARTEN MIT EINER NUMMER AUSGESTATTET SIND.\u00a0<strong>2. F\u00fcr Fremdparker:\u00a0<\/strong><strong>Alle Parker, die NICHT zu BESUCH in unser Haus kommen, haben die entsprechend benutzte Parkzeit zu bezahlen.<\/strong>\u00a0Die Tarife sind bei der Einfahrt ver\u00f6ffentlich und gelten in aktueller Version. Die Bezahlung der bei der Einfahrt erhaltenen Parkkarte erfolgt an dem Kassenautomaten im Durchgang gegen\u00fcger Friseur\/ CCM Caf\u00e9.\u00a0<strong>AKTUELLE TARIFE, STAND JULI 2024<\/strong>\u00a0<strong>ALL DAY LONG: EUR 4,00 je Stunde (in der Zeit zwischen 07:00 bis 19:00 Uhr).<\/strong>\u00a0<strong>ALL NIGHT LONG: EUR 2,00 je Stunde (in der Zeit zwischen 19:00 bis 07:00 Uhr).<\/strong>\u00a0<strong>24 Stunden: EUR 72;00<\/strong>\u00a0<strong>Verlust Ticket: EUR 72,00<\/strong>\u00a0<strong>Maximale erlaubte Parkdauer 24 Stunden<\/strong>\u00a0<strong>\u00a0<\/strong>\u00a0<strong>ACHTUNG, die Tarife gelten auch f\u00fcr die Dauer an der Stromtankstelle, da dies einen zus\u00e4tzlichen Service darstellt.<\/strong>\u00a0<strong>\u00a0<\/strong>\u00a0<strong>UNSER TECHNISCHER 24h NOTDIENST steht Ihnen unter<\/strong>\u00a0<strong>+43\u00a0664\u00a0216 3333<\/strong><\/li>\n<\/ol>\n","protected":false},"excerpt":{"rendered":"","protected":false},"author":1,"featured_media":0,"parent":24,"menu_order":0,"comment_status":"closed","ping_status":"closed","template":"","meta":{"om_disable_all_campaigns":false,"sfsi_plus_gutenberg_text_before_share":"","sfsi_plus_gutenberg_show_text_before_share":"","sfsi_plus_gutenberg_icon_type":"","sfsi_plus_gutenberg_icon_alignemt":"","sfsi_plus_gutenburg_max_per_row":"","_monsterinsights_skip_tracking":false,"_monsterinsights_sitenote_active":false,"_monsterinsights_sitenote_note":"","_monsterinsights_sitenote_category":0,"_uf_show_specific_survey":0,"_uf_disable_surveys":false,"footnotes":""},"class_list":["post-1054","page","type-page","status-publish","h-entry","hentry","h-as-page"],"aioseo_notices":[],"_links":{"self":[{"href":"https:\/\/www.ccmoedling.at\/index.php\/wp-json\/wp\/v2\/pages\/1054","targetHints":{"allow":["GET"]}}],"collection":[{"href":"https:\/\/www.ccmoedling.at\/index.php\/wp-json\/wp\/v2\/pages"}],"about":[{"href":"https:\/\/www.ccmoedling.at\/index.php\/wp-json\/wp\/v2\/types\/page"}],"author":[{"embeddable":true,"href":"https:\/\/www.ccmoedling.at\/index.php\/wp-json\/wp\/v2\/users\/1"}],"replies":[{"embeddable":true,"href":"https:\/\/www.ccmoedling.at\/index.php\/wp-json\/wp\/v2\/comments?post=1054"}],"version-history":[{"count":5,"href":"https:\/\/www.ccmoedling.at\/index.php\/wp-json\/wp\/v2\/pages\/1054\/revisions"}],"predecessor-version":[{"id":1069,"href":"https:\/\/www.ccmoedling.at\/index.php\/wp-json\/wp\/v2\/pages\/1054\/revisions\/1069"}],"up":[{"embeddable":true,"href":"https:\/\/www.ccmoedling.at\/index.php\/wp-json\/wp\/v2\/pages\/24"}],"wp:attachment":[{"href":"https:\/\/www.ccmoedling.at\/index.php\/wp-json\/wp\/v2\/media?parent=1054"}],"curies":[{"name":"wp","href":"https:\/\/api.w.org\/{rel}","templated":true}]}}