{"id":205,"date":"2016-10-10T11:59:20","date_gmt":"2016-10-10T11:59:20","guid":{"rendered":"http:\/\/www.ccmoedling.at\/?page_id=205"},"modified":"2017-01-13T15:28:37","modified_gmt":"2017-01-13T15:28:37","slug":"billa","status":"publish","type":"page","link":"https:\/\/www.ccmoedling.at\/index.php\/shops\/billa\/","title":{"rendered":"Billa"},"content":{"rendered":"<div class='w3eden' id='layout_page'><div class=\"minimax_content_area row \" id=\"row_5819cdfcca698\" style=\"position: relative;\" > \n\n        <div class=\"gridt col-md-7 minimax_column\" id=\"column_1_5819cdfcca698\">\n\n            \n            <div class='minimax_module wow  minimax_image ' style='' data-wow-duration='1s' data-wow-delay='1s'><div class=\"widget_minimax_image\">        <h1><\/h1> \n            <div class=\"pull-left\" style=\"margin-right: 10px; margin-top: 5px;\">\n                                    <img decoding=\"async\" class=\"img-responsive img-thumbnail\" src=\"https:\/\/www.ccmoedling.at\/wp-content\/uploads\/2016\/10\/Billa_ger_15-e1478606233341-332x141.jpg\" title=\"\" alt=\"\">\n                            <\/div>\n        <p><br><\/p><div class=\"clear\"><\/div><\/div><\/div>\n            \n        <\/div>\n \n\n        <div class=\"gridt col-md-5 minimax_column\" id=\"column_2_5819cdfcca698\">\n\n            \n            <div class='minimax_module wow  WP_Widget_Text ' style='color:#707070;' data-wow-duration='1s' data-wow-delay='1s'><div class=\"widget_text\"><h2 class=\"widgettitle\">\u00d6ffnungszeiten<\/h2>\t\t\t<div class=\"textwidget\">Mo - Fr &thinsp; &thinsp; &thinsp; &thinsp; &nbsp; 07:15 - 19:30 <br>  Sa &thinsp; &nbsp; &nbsp; &nbsp; &nbsp; &thinsp; &ensp; &ensp; 07:15 - 18:00 <br>  <br> <\/div>\n\t\t<\/div><\/div>\n            \n        <\/div>\n<div style='clear: both;'><\/div><\/div><div class=\"minimax_content_area row \" id=\"row_580f7f47351fe\" style=\"position: relative;\" > \n\n        <div class=\"gridt col-md-12 minimax_column\" id=\"column_1_580f7f47351fe\">\n\n            \n            <div class='minimax_module wow  MiniMax_RichText ' style='' data-wow-duration='1s' data-wow-delay='1s'><div class=\"widget_minimax_richtext\">                        \n\t\t\t<div class=\"\">Homepage: <a href=\"https:\/\/www.billa.at\/Startseite\/Startseite\/dd_bi_mainpage.aspx\" target=\"_blank\">www.billa.at<\/a><\/div>\t\t\t\n\t\t\t<\/div><\/div><div class='minimax_module wow  WP_Widget_Text ' style='' data-wow-duration='1s' data-wow-delay='1s'><div class=\"widget_text\">\t\t\t<div class=\"textwidget\"><br> Telefon: 0800 828 700 <br><\/div>\n\t\t<\/div><\/div><div class='minimax_module wow  WP_Widget_Text ' style='' data-wow-duration='1s' data-wow-delay='1s'><div class=\"widget_text\">\t\t\t<div class=\"textwidget\"><br> <\/div>\n\t\t<\/div><\/div>\n            \n        <\/div>\n<div style='clear: both;'><\/div><\/div><div class=\"minimax_content_area row \" id=\"row_580f81a1b44d2\" style=\"position: relative;\" > \n\n        <div class=\"gridt col-md-12 minimax_column\" id=\"column_1_580f81a1b44d2\">\n\n            \n            <div class='minimax_module wow  WP_Widget_Text ' style='color:#707070;' data-wow-duration='1s' data-wow-delay='1s'><div class=\"widget_text\">\t\t\t<div class=\"textwidget\">BILLA ist seit \u00fcber 60 Jahren einer der wichtigsten Nahversorger des Landes. Als Pionier im heimischen Lebensmittelhandel sorgt BILLA mit \u00fcber 1.050 Filialen daf\u00fcr, dass in ganz \u00d6sterreich t\u00e4glich Lebensmittel zu einem fairen Preis verf\u00fcgbar sind. \u00d6sterreichs f\u00fchrender Supermarkt steht f\u00fcr die Rundumversorgung der heimischen Haushalte und eine individualisierte Sortimentsgestaltung, welche den BILLA Kunden auf einer durchschnittlichen Verkaufsfl\u00e4che von knapp 800m2 ca. 7.000 Produkte bietet. Das Sortiment beinhaltet eine breite Palette an regionalen Spezialit\u00e4ten, internationalen Markenartikeln sowie hochwertigen Eigenmarkenprodukten. So geh\u00f6ren neben der Diskontermarke CLEVER\u00ae auch Europas gr\u00f6\u00dfte Biomarke Ja! Nat\u00fcrlich und die BILLA Eigenmarke, mit der die Kunden hochwertige Produkte mit Zusatznutzen zu g\u00fcnstigen Preisen bekommen, zum Sortiment. Mit dem BILLA Online Shop ist BILLA zudem in der Lage, jeden Haushalt in \u00d6sterreich mit \u00fcber 8.000 unterschiedlichen Produkten zu beliefern.<\/div>\n\t\t<\/div><\/div>\n            \n        <\/div>\n<div style='clear: both;'><\/div><\/div><\/div>","protected":false},"excerpt":{"rendered":"<p>\u00d6ffnungszeiten Mo - Fr &thinsp; &thinsp; &thinsp; &thinsp; &nbsp; 07:15 - 19:30 Sa &thinsp; &nbsp; &nbsp; &nbsp; &nbsp; &thinsp; &ensp; &ensp; 07:15 - 18:00 Homepage: www.billa.at Telefon: 0800 828 700 BILLA ist seit \u00fcber 60 Jahren einer der wichtigsten Nahversorger des Landes. Als Pionier im heimischen Lebensmittelhandel sorgt BILLA mit \u00fcber 1.050 Filialen daf\u00fcr, dass <a href=\"https:\/\/www.ccmoedling.at\/index.php\/shops\/billa\/\" class=\"more-link\">...continue reading<span class=\"screen-reader-text\"> \"Billa\"<\/span><\/a><\/p>\n","protected":false},"author":1,"featured_media":0,"parent":22,"menu_order":1,"comment_status":"closed","ping_status":"closed","template":"","meta":{"om_disable_all_campaigns":false,"sfsi_plus_gutenberg_text_before_share":"","sfsi_plus_gutenberg_show_text_before_share":"","sfsi_plus_gutenberg_icon_type":"","sfsi_plus_gutenberg_icon_alignemt":"","sfsi_plus_gutenburg_max_per_row":"","_monsterinsights_skip_tracking":false,"_monsterinsights_sitenote_active":false,"_monsterinsights_sitenote_note":"","_monsterinsights_sitenote_category":0,"_uf_show_specific_survey":0,"_uf_disable_surveys":false,"footnotes":""},"class_list":["post-205","page","type-page","status-publish","h-entry","hentry","h-as-page"],"aioseo_notices":[],"_links":{"self":[{"href":"https:\/\/www.ccmoedling.at\/index.php\/wp-json\/wp\/v2\/pages\/205","targetHints":{"allow":["GET"]}}],"collection":[{"href":"https:\/\/www.ccmoedling.at\/index.php\/wp-json\/wp\/v2\/pages"}],"about":[{"href":"https:\/\/www.ccmoedling.at\/index.php\/wp-json\/wp\/v2\/types\/page"}],"author":[{"embeddable":true,"href":"https:\/\/www.ccmoedling.at\/index.php\/wp-json\/wp\/v2\/users\/1"}],"replies":[{"embeddable":true,"href":"https:\/\/www.ccmoedling.at\/index.php\/wp-json\/wp\/v2\/comments?post=205"}],"version-history":[{"count":1,"href":"https:\/\/www.ccmoedling.at\/index.php\/wp-json\/wp\/v2\/pages\/205\/revisions"}],"predecessor-version":[{"id":206,"href":"https:\/\/www.ccmoedling.at\/index.php\/wp-json\/wp\/v2\/pages\/205\/revisions\/206"}],"up":[{"embeddable":true,"href":"https:\/\/www.ccmoedling.at\/index.php\/wp-json\/wp\/v2\/pages\/22"}],"wp:attachment":[{"href":"https:\/\/www.ccmoedling.at\/index.php\/wp-json\/wp\/v2\/media?parent=205"}],"curies":[{"name":"wp","href":"https:\/\/api.w.org\/{rel}","templated":true}]}}