{"id":211,"date":"2016-10-10T12:01:59","date_gmt":"2016-10-10T12:01:59","guid":{"rendered":"http:\/\/www.ccmoedling.at\/?page_id=211"},"modified":"2017-04-28T16:06:58","modified_gmt":"2017-04-28T16:06:58","slug":"ewe-kuchenstudio","status":"publish","type":"page","link":"https:\/\/www.ccmoedling.at\/index.php\/shops\/ewe-kuchenstudio\/","title":{"rendered":"ewe K\u00fcchenstudio"},"content":{"rendered":"<div class='w3eden' id='layout_page'><div class=\"minimax_content_area row \" id=\"row_59035b7a242d3\" style=\"position: relative;\" > \n\n        <div class=\"gridt col-md-5 minimax_column\" id=\"column_1_59035b7a242d3\">\n\n            \n            <div class='minimax_module wow  minimax_image ' style='' data-wow-duration='1s' data-wow-delay='1s'><div class=\"widget_minimax_image\">        <div class=\"media\">\n            <div class=\"pull-left\">\n                                <img decoding=\"async\" class=\"img-responsive img-thumbnail\" src=\"https:\/\/www.ccmoedling.at\/wp-content\/uploads\/2017\/04\/logo_ewe_moedling_-200x200.jpg\" title=\"\" alt=\"\">\n                            <\/div>\n            <div class=\"media-body\" id=\"mx-img-txt-6a070c9f120eb\">\n            <h1><\/h1><p><\/p>         \n            <\/div>\n        <\/div> \n         \n        <\/div><\/div>\n            \n        <\/div>\n \n\n        <div class=\"gridt col-md-7 minimax_column\" id=\"column_2_59035b7a242d3\">\n\n            \n            <div class='minimax_module wow  WP_Widget_Text ' style='' data-wow-duration='1s' data-wow-delay='1s'><div class=\"widget_text\"><h2 class=\"widgettitle\">\u00d6ffnungszeiten<\/h2>\t\t\t<div class=\"textwidget\">Mo - Fr &nbsp; &ensp; &thinsp; 10:00 - 18:00 <br> Sa &nbsp; &nbsp; &nbsp; &nbsp; &nbsp; &nbsp; &ensp; 09:00 - 12:00 <br> <\/div>\n\t\t<\/div><\/div>\n            \n        <\/div>\n<div style='clear: both;'><\/div><\/div><div class=\"minimax_content_area row \" id=\"row_590362f28556d\" style=\"position: relative;\" > \n\n        <div class=\"gridt col-md-12 minimax_column\" id=\"column_1_590362f28556d\">\n\n            \n            <div class='minimax_module wow  WP_Widget_Text ' style='' data-wow-duration='1s' data-wow-delay='1s'><div class=\"widget_text\">\t\t\t<div class=\"textwidget\"><br><\/div>\n\t\t<\/div><\/div>\n            \n        <\/div>\n<div style='clear: both;'><\/div><\/div><div class=\"minimax_content_area row \" id=\"row_590362c56d185\" style=\"position: relative;\" > \n\n        <div class=\"gridt col-md-12 minimax_column\" id=\"column_1_590362c56d185\">\n\n            \n            <div class='minimax_module wow  MiniMax_RichText ' style='' data-wow-duration='1s' data-wow-delay='1s'><div class=\"widget_minimax_richtext\">                        \n\t\t\t<div class=\"\"><p style=\"text-align: left;\">Telefon: +43 2236\u00a0864647<\/p>\n<p style=\"text-align: left;\">Fax:\u00a0+43 2236\u00a0864647 40<\/p><\/div>\t\t\t\n\t\t\t<\/div><\/div>\n            \n        <\/div>\n<div style='clear: both;'><\/div><\/div><div class=\"minimax_content_area row \" id=\"row_1493394187194\" style=\"position: relative;\" > \n\n        <div class=\"gridt col-md-12 minimax_column\" id=\"column_1_1493394187194\">\n\n            \n            <div class='minimax_module wow  MiniMax_RichText ' style='' data-wow-duration='1s' data-wow-delay='1s'><div class=\"widget_minimax_richtext\">                        \n\t\t\t<div class=\"\"><p style=\"text-align: left;\">Homepage:\u00a0<a href=\"http:\/\/www.ewe-kuechenstudio.at\/\">www.ewe-kuechenstudio.at<\/a><\/p>\n<p style=\"text-align: left;\">E- Mail: <a href=\"mailto:office@ewe-kuechenstudio.at\">office@ewe-kuechenstudio.at<\/a><\/p><\/div>\t\t\t\n\t\t\t<\/div><\/div>\n            \n        <\/div>\n<div style='clear: both;'><\/div><\/div><div class=\"minimax_content_area row \" id=\"row_590366b93ecaf\" style=\"position: relative;\" > \n\n        <div class=\"gridt col-md-12 minimax_column\" id=\"column_1_590366b93ecaf\">\n\n            \n            <div class='minimax_module wow  MiniMax_RichText ' style='' data-wow-duration='1s' data-wow-delay='1s'><div class=\"widget_minimax_richtext\">                        \n\t\t\t<div class=\"\">Das ewe K\u00fcchenstudio M\u00f6dling ist ein f\u00fchrender Vertriebspartner der Marken ewe, FM und Intuo. Unsere qualitativ hochwertigen K\u00fcchen werden von unseren zuverl\u00e4ssigen, kompetenten und top ausgebildeten Monteuren montiert. Jahrelange Planungskompetenz und kreative L\u00f6sungsvorschl\u00e4ge unterst\u00fctzen sie von der ersten Idee bis zur fertigen K\u00fcche.\n\nWas Wir Tun\n\nK\u00dcCHEN\n\nDie K\u00fcche ist der praktische Lebensmittelpunkt in jeder Wohnung und in jedem Haus. Wir wissen wie die notwendigen Funktionen mit Ihren ganz pers\u00f6nlichen Anspr\u00fcchen zu einer hochwertigen Gesamtl\u00f6sung verbunden werden. Ergonomie im Einklang mit ihren Bed\u00fcrfnissen \u2013 aus der Vision wird Lebensraum.\n<h3>INNENRAUML\u00d6SUNGEN<\/h3>\nMan kann einfach M\u00f6bel in ein Zimmer stellen \u00a0\u2013 Sie k\u00f6nnen aber auch Ihre Bed\u00fcrfnisse genau bedenken und aus Zimmern Wohnr\u00e4ume machen. Vom t\u00e4glichen Ausziehen der Schuhe bis zum gemeinsamen Familiensonntag verbinden wir das Notwendige mit dem N\u00fctzlichen\u00a0\u2013 und das f\u00fchrt zum Sch\u00f6nen. Wir begleiten Sie.\n<h3>PLANUNG UND BERATUNG<\/h3>\nWir h\u00f6ren Ihnen zu. Ihre pers\u00f6nliche Situation, Ihr Umfeld und Ihre Anforderungen sind die Grundlage f\u00fcr die Planung. Gemeinsam mit unseren Partnern finden wir L\u00f6sungen die nicht nur gefallen, sondern wirklich passen. Pl\u00e4ne und Visualisierungen helfen Ihnen bei den Entscheidungen, unsere erfahrenen\u00a0Berater unterst\u00fctzen Sie dabei.<\/div>\t\t\t\n\t\t\t<\/div><\/div>\n            \n        <\/div>\n<div style='clear: both;'><\/div><\/div><\/div>","protected":false},"excerpt":{"rendered":"<p>\u00d6ffnungszeiten Mo - Fr &nbsp; &ensp; &thinsp; 10:00 - 18:00 Sa &nbsp; &nbsp; &nbsp; &nbsp; &nbsp; &nbsp; &ensp; 09:00 - 12:00 Telefon: +43 2236\u00a0864647 Fax:\u00a0+43 2236\u00a0864647 40 Homepage:\u00a0www.ewe-kuechenstudio.at E- Mail: office@ewe-kuechenstudio.at Das ewe K\u00fcchenstudio M\u00f6dling ist ein f\u00fchrender Vertriebspartner der Marken ewe, FM und Intuo. Unsere qualitativ hochwertigen K\u00fcchen werden von unseren zuverl\u00e4ssigen, kompetenten und <a href=\"https:\/\/www.ccmoedling.at\/index.php\/shops\/ewe-kuchenstudio\/\" class=\"more-link\">...continue reading<span class=\"screen-reader-text\"> \"ewe K\u00fcchenstudio\"<\/span><\/a><\/p>\n","protected":false},"author":1,"featured_media":0,"parent":22,"menu_order":4,"comment_status":"closed","ping_status":"closed","template":"","meta":{"om_disable_all_campaigns":false,"sfsi_plus_gutenberg_text_before_share":"","sfsi_plus_gutenberg_show_text_before_share":"","sfsi_plus_gutenberg_icon_type":"","sfsi_plus_gutenberg_icon_alignemt":"","sfsi_plus_gutenburg_max_per_row":"","_monsterinsights_skip_tracking":false,"_monsterinsights_sitenote_active":false,"_monsterinsights_sitenote_note":"","_monsterinsights_sitenote_category":0,"_uf_show_specific_survey":0,"_uf_disable_surveys":false,"footnotes":""},"class_list":["post-211","page","type-page","status-publish","h-entry","hentry","h-as-page"],"aioseo_notices":[],"_links":{"self":[{"href":"https:\/\/www.ccmoedling.at\/index.php\/wp-json\/wp\/v2\/pages\/211","targetHints":{"allow":["GET"]}}],"collection":[{"href":"https:\/\/www.ccmoedling.at\/index.php\/wp-json\/wp\/v2\/pages"}],"about":[{"href":"https:\/\/www.ccmoedling.at\/index.php\/wp-json\/wp\/v2\/types\/page"}],"author":[{"embeddable":true,"href":"https:\/\/www.ccmoedling.at\/index.php\/wp-json\/wp\/v2\/users\/1"}],"replies":[{"embeddable":true,"href":"https:\/\/www.ccmoedling.at\/index.php\/wp-json\/wp\/v2\/comments?post=211"}],"version-history":[{"count":3,"href":"https:\/\/www.ccmoedling.at\/index.php\/wp-json\/wp\/v2\/pages\/211\/revisions"}],"predecessor-version":[{"id":299,"href":"https:\/\/www.ccmoedling.at\/index.php\/wp-json\/wp\/v2\/pages\/211\/revisions\/299"}],"up":[{"embeddable":true,"href":"https:\/\/www.ccmoedling.at\/index.php\/wp-json\/wp\/v2\/pages\/22"}],"wp:attachment":[{"href":"https:\/\/www.ccmoedling.at\/index.php\/wp-json\/wp\/v2\/media?parent=211"}],"curies":[{"name":"wp","href":"https:\/\/api.w.org\/{rel}","templated":true}]}}