{"id":230,"date":"2016-10-10T12:19:43","date_gmt":"2016-10-10T12:19:43","guid":{"rendered":"http:\/\/www.ccmoedling.at\/?page_id=230"},"modified":"2016-11-18T10:27:22","modified_gmt":"2016-11-18T10:27:22","slug":"enu-energie-und-umweltagentur-noe","status":"publish","type":"page","link":"https:\/\/www.ccmoedling.at\/index.php\/dienstleister\/enu-energie-und-umweltagentur-noe\/","title":{"rendered":"eNu Energie- und Umweltagentur N\u00d6"},"content":{"rendered":"<div class='w3eden' id='layout_page'><div class=\"minimax_content_area row \" id=\"row_5819bf522a394\" style=\"position: relative;\" > \n\n        <div class=\"gridt col-md-7 minimax_column\" id=\"column_1_5819bf522a394\">\n\n            \n            <div class='minimax_module wow  minimax_image ' style='' data-wow-duration='1s' data-wow-delay='1s'><div class=\"widget_minimax_image\">        <h1><\/h1> \n            <div class=\"pull-left\" style=\"margin-right: 10px; margin-top: 5px;\">\n                                    <img decoding=\"async\" class=\"img-responsive img-thumbnail\" src=\"https:\/\/www.ccmoedling.at\/wp-content\/uploads\/2016\/10\/Logo_eNu_4c-600x200.jpg\" title=\"\" alt=\"\">\n                            <\/div>\n        <p><\/p><div class=\"clear\"><\/div><\/div><\/div>\n            \n        <\/div>\n \n\n        <div class=\"gridt col-md-5 minimax_column\" id=\"column_2_5819bf522a394\">\n\n            \n            <div class='minimax_module wow  WP_Widget_Text ' style='' data-wow-duration='1s' data-wow-delay='1s'><div class=\"widget_text\"><h2 class=\"widgettitle\">\u00d6ffnungszeiten<\/h2>\t\t\t<div class=\"textwidget\">Mo-Fr 9:00 - 13:00 <br> und nach telefonischer Vereinbarung <br> <br><\/div>\n\t\t<\/div><\/div>\n            \n        <\/div>\n<div style='clear: both;'><\/div><\/div><div class=\"minimax_content_area row \" id=\"row_5819c2d70d6da\" style=\"position: relative;\" > \n\n        <div class=\"gridt col-md-12 minimax_column\" id=\"column_1_5819c2d70d6da\">\n\n            \n            <div class='minimax_module wow  MiniMax_RichText ' style='' data-wow-duration='1s' data-wow-delay='1s'><div class=\"widget_minimax_richtext\">                        \n\t\t\t<div class=\"\">Homepage: <a href=\"http:\/\/www.enu.at\/\" target=\"_blank\">www.enu.at<\/a>\n\nTelefon:\u00a0+43 2236 86 06 64\n\nEmail:\u00a0<a href=\"mailto:moedling@enu.at\">moedling@enu.at<\/a><\/div>\t\t\t\n\t\t\t<\/div><\/div><div class='minimax_module wow  WP_Widget_Text ' style='' data-wow-duration='1s' data-wow-delay='1s'><div class=\"widget_text\">\t\t\t<div class=\"textwidget\"><br><\/div>\n\t\t<\/div><\/div>\n            \n        <\/div>\n<div style='clear: both;'><\/div><\/div><div class=\"minimax_content_area row \" id=\"row_5819c36ea5927\" style=\"position: relative;\" > \n\n        <div class=\"gridt col-md-12 minimax_column\" id=\"column_1_5819c36ea5927\">\n\n            \n            <div class='minimax_module wow  MiniMax_RichText ' style='color:#707070;' data-wow-duration='1s' data-wow-delay='1s'><div class=\"widget_minimax_richtext\">                        \n\t\t\t<div class=\"\"><p style=\"text-align: justify;\">Die Energie- und Umweltagentur N\u00d6 (eNu) ist DIE Anlaufstelle f\u00fcr alle Fragen zu Energie, Natur und Umwelt. Wir beraten B\u00fcrgerinnen und B\u00fcrger, Gemeinden und Betriebe.<\/p>\nDie eNu vereint folgende Initiativen:\n<ul>\n \t<li><a href=\"http:\/\/www.energieberatung-noe.at\" target=\"_blank\">Energieberatung N\u00d6<\/a><\/li>\n \t<li><a href=\"http:\/\/www.energiebewegung.at\" target=\"_blank\">Energiebewegung N\u00d6<\/a><\/li>\n \t<li><a href=\"http:\/\/www.naturland-noe.at\" target=\"_blank\">Naturland Nieder\u00f6sterreich<\/a><\/li>\n \t<li><a href=\"http:\/\/www.radland.at\/\" target=\"_blank\">RADLand N\u00d6<\/a> und <a href=\"http:\/\/www.nextbike.at\" target=\"_blank\">nextbike<\/a><\/li>\n \t<li><a href=\"http:\/\/www.soschmecktnoe.at\/\" target=\"_blank\">So schmeckt Nieder\u00f6sterreich<\/a><\/li>\n \t<li><a href=\"http:\/\/www.umweltgemeinde.at\" target=\"_blank\">Umwelt-Gemeinde-Service<\/a><\/li>\n \t<li><a href=\"http:\/\/www.wir-leben-nachhaltig.at\" target=\"_blank\">Wir leben nachhaltig<\/a><\/li>\n<\/ul>\nUnsere Ziele sind:\n<ul>\n \t<li>Nieder\u00f6sterreich als Vorzeigeregion f\u00fcr Energieeffizienz und Klimaschutz zu etablieren<\/li>\n \t<li>Umfangreicher Schutz der Naturr\u00e4ume<\/li>\n \t<li>Hohe Umwelt- und Lebensqualit\u00e4t in Nieder\u00f6sterreich<\/li>\n<\/ul><\/div>\t\t\t\n\t\t\t<\/div><\/div>\n            \n        <\/div>\n<div style='clear: both;'><\/div><\/div><\/div>","protected":false},"excerpt":{"rendered":"<p>\u00d6ffnungszeiten Mo-Fr 9:00 - 13:00 und nach telefonischer Vereinbarung Homepage: www.enu.at Telefon:\u00a0+43 2236 86 06 64 Email:\u00a0moedling@enu.at Die Energie- und Umweltagentur N\u00d6 (eNu) ist DIE Anlaufstelle f\u00fcr alle Fragen zu Energie, Natur und Umwelt. Wir beraten B\u00fcrgerinnen und B\u00fcrger, Gemeinden und Betriebe. Die eNu vereint folgende Initiativen: Energieberatung N\u00d6 Energiebewegung N\u00d6 Naturland Nieder\u00f6sterreich RADLand N\u00d6 <a href=\"https:\/\/www.ccmoedling.at\/index.php\/dienstleister\/enu-energie-und-umweltagentur-noe\/\" class=\"more-link\">...continue reading<span class=\"screen-reader-text\"> \"eNu Energie- und Umweltagentur N\u00d6\"<\/span><\/a><\/p>\n","protected":false},"author":1,"featured_media":0,"parent":83,"menu_order":1,"comment_status":"closed","ping_status":"closed","template":"","meta":{"om_disable_all_campaigns":false,"sfsi_plus_gutenberg_text_before_share":"","sfsi_plus_gutenberg_show_text_before_share":"","sfsi_plus_gutenberg_icon_type":"","sfsi_plus_gutenberg_icon_alignemt":"","sfsi_plus_gutenburg_max_per_row":"","_monsterinsights_skip_tracking":false,"_monsterinsights_sitenote_active":false,"_monsterinsights_sitenote_note":"","_monsterinsights_sitenote_category":0,"_uf_show_specific_survey":0,"_uf_disable_surveys":false,"footnotes":""},"class_list":["post-230","page","type-page","status-publish","h-entry","hentry","h-as-page"],"aioseo_notices":[],"_links":{"self":[{"href":"https:\/\/www.ccmoedling.at\/index.php\/wp-json\/wp\/v2\/pages\/230","targetHints":{"allow":["GET"]}}],"collection":[{"href":"https:\/\/www.ccmoedling.at\/index.php\/wp-json\/wp\/v2\/pages"}],"about":[{"href":"https:\/\/www.ccmoedling.at\/index.php\/wp-json\/wp\/v2\/types\/page"}],"author":[{"embeddable":true,"href":"https:\/\/www.ccmoedling.at\/index.php\/wp-json\/wp\/v2\/users\/1"}],"replies":[{"embeddable":true,"href":"https:\/\/www.ccmoedling.at\/index.php\/wp-json\/wp\/v2\/comments?post=230"}],"version-history":[{"count":5,"href":"https:\/\/www.ccmoedling.at\/index.php\/wp-json\/wp\/v2\/pages\/230\/revisions"}],"predecessor-version":[{"id":330,"href":"https:\/\/www.ccmoedling.at\/index.php\/wp-json\/wp\/v2\/pages\/230\/revisions\/330"}],"up":[{"embeddable":true,"href":"https:\/\/www.ccmoedling.at\/index.php\/wp-json\/wp\/v2\/pages\/83"}],"wp:attachment":[{"href":"https:\/\/www.ccmoedling.at\/index.php\/wp-json\/wp\/v2\/media?parent=230"}],"curies":[{"name":"wp","href":"https:\/\/api.w.org\/{rel}","templated":true}]}}