{"id":24,"date":"2016-08-17T13:43:55","date_gmt":"2016-08-17T13:43:55","guid":{"rendered":"http:\/\/www.ccmoedling.at\/?page_id=24"},"modified":"2024-07-01T10:41:22","modified_gmt":"2024-07-01T10:41:22","slug":"uber-ccm","status":"publish","type":"page","link":"https:\/\/www.ccmoedling.at\/","title":{"rendered":"\u00dcber CCM"},"content":{"rendered":"<p style=\"text-align: justify;\"><strong>Unser\u00a0<img loading=\"lazy\" decoding=\"async\" class=\"alignnone size-full wp-image-483\" style=\"border: 0; box-shadow: none; margin-bottom: 5px;\" src=\"https:\/\/www.ccmoedling.at\/wp-content\/uploads\/2016\/08\/Unbenannt.png\" alt=\"Unbenannt\" width=\"57\" height=\"18\" \/><\/strong><\/p>\n<p style=\"margin-bottom: 12pt; vertical-align: baseline; background: white; text-align: justify;\">Das 2007 errichtete <img loading=\"lazy\" decoding=\"async\" class=\"alignnone size-full wp-image-483\" style=\"border: 0; box-shadow: none; margin-bottom: 5px;\" src=\"https:\/\/www.ccmoedling.at\/wp-content\/uploads\/2016\/08\/Unbenannt.png\" alt=\"Unbenannt\" width=\"57\" height=\"18\" \/>\u00a0CITY CENTER M\u00d6DLING befindet sich in der 16 km s\u00fcdlich von Wien gelegenen Bezirkshauptstadt M\u00f6dling, unmittelbar neben dem Bahnhof, in Fu\u00dfn\u00e4he zum Krankenhaus sowie zum historischen Altstadtkern.<\/p>\n<p style=\"margin-bottom: 12pt; text-align: justify; vertical-align: baseline; outline: 0px; font-variant-ligatures: normal; font-variant-caps: normal; word-spacing: 0px; background: white;\">Das moderne Gesch\u00e4fts- und B\u00fcrohaus befindet sich direkt \u00fcber einer Park-&amp;-Ride-Anlage der \u00d6sterreichischen Bundesbahnen und bietet im Erdgeschoss rund 1.755 m2 Gesch\u00e4ftsfl\u00e4chen sowie auf den drei Obergeschossen insgesamt rund 3.370 m\u00b2 Ordinations- und B\u00fcrofl\u00e4chen.<\/p>\n<p style=\"margin-bottom: 12pt; text-align: justify; vertical-align: baseline; outline: 0px; font-variant-ligatures: normal; font-variant-caps: normal; word-spacing: 0px; background: white;\">Das Parkdeck z\u00e4hlt auf zwei Ebenen insgesamt 120 PKW-Stellpl\u00e4tze. Einerseits zeichnet sich der Projektstandort durch die ideale Kombination von Handel und Dienstleistung und andererseits durch die direkte Anbindung an das \u00f6ffentliche Verkehrsnetz sowie den Individualverkehr aus.<\/p>\n<p style=\"margin-bottom: 12pt; text-align: justify; vertical-align: baseline; outline: 0px; font-variant-ligatures: normal; font-variant-caps: normal; word-spacing: 0px; background: white;\">Rund 5.200 Quadratmeter Handels- und B\u00fcrofl\u00e4chen bieten ein vielf\u00e4ltiges Nutzungspotenzial und hohe Kundenorientierung aufgrund von Barrierefreiheit und Gratis-Parkm\u00f6glichkeit\u00a0 w\u00e4hrend der Gesch\u00e4ftszeiten, mit dem Gutschein-Bon f\u00fcr die Besuchszeiten, den Sie direkt bei unseren B\u00fcros, Gesch\u00e4ften, Ordinationen oder Caf\u00e9 bekommen, wo Sie zur Besuch in CCM sind. Weitere Regelung zu unserer Garage sind hier, unter Parkdeck, beschrieben.<\/p>\n<div class='w3eden' id='layout_page'><div class=\"minimax_content_area row \" id=\"row_57dabb17bedec\" style=\"position: relative;\" > \n\n        <div class=\"gridt col-md-12 minimax_column\" id=\"column_1_57dabb17bedec\">\n\n            \n            \n            \n        <\/div>\n<div style='clear: both;'><\/div><\/div><\/div>","protected":false},"excerpt":{"rendered":"<p>Unser\u00a0 Das 2007 errichtete \u00a0CITY CENTER M\u00d6DLING befindet sich in der 16 km s\u00fcdlich von Wien gelegenen Bezirkshauptstadt M\u00f6dling, unmittelbar neben dem Bahnhof, in Fu\u00dfn\u00e4he zum Krankenhaus sowie zum historischen Altstadtkern. Das moderne Gesch\u00e4fts- und B\u00fcrohaus befindet sich direkt \u00fcber einer Park-&amp;-Ride-Anlage der \u00d6sterreichischen Bundesbahnen und bietet im Erdgeschoss rund 1.755 m2 Gesch\u00e4ftsfl\u00e4chen sowie auf <a href=\"https:\/\/www.ccmoedling.at\/\" class=\"more-link\">...continue reading<span class=\"screen-reader-text\"> \"\u00dcber CCM\"<\/span><\/a><\/p>\n","protected":false},"author":1,"featured_media":0,"parent":0,"menu_order":0,"comment_status":"closed","ping_status":"closed","template":"","meta":{"om_disable_all_campaigns":false,"sfsi_plus_gutenberg_text_before_share":"","sfsi_plus_gutenberg_show_text_before_share":"","sfsi_plus_gutenberg_icon_type":"","sfsi_plus_gutenberg_icon_alignemt":"","sfsi_plus_gutenburg_max_per_row":"","_monsterinsights_skip_tracking":false,"_monsterinsights_sitenote_active":false,"_monsterinsights_sitenote_note":"","_monsterinsights_sitenote_category":0,"_uf_show_specific_survey":0,"_uf_disable_surveys":false,"footnotes":""},"class_list":["post-24","page","type-page","status-publish","h-entry","hentry","h-as-page"],"aioseo_notices":[],"_links":{"self":[{"href":"https:\/\/www.ccmoedling.at\/index.php\/wp-json\/wp\/v2\/pages\/24","targetHints":{"allow":["GET"]}}],"collection":[{"href":"https:\/\/www.ccmoedling.at\/index.php\/wp-json\/wp\/v2\/pages"}],"about":[{"href":"https:\/\/www.ccmoedling.at\/index.php\/wp-json\/wp\/v2\/types\/page"}],"author":[{"embeddable":true,"href":"https:\/\/www.ccmoedling.at\/index.php\/wp-json\/wp\/v2\/users\/1"}],"replies":[{"embeddable":true,"href":"https:\/\/www.ccmoedling.at\/index.php\/wp-json\/wp\/v2\/comments?post=24"}],"version-history":[{"count":33,"href":"https:\/\/www.ccmoedling.at\/index.php\/wp-json\/wp\/v2\/pages\/24\/revisions"}],"predecessor-version":[{"id":1047,"href":"https:\/\/www.ccmoedling.at\/index.php\/wp-json\/wp\/v2\/pages\/24\/revisions\/1047"}],"wp:attachment":[{"href":"https:\/\/www.ccmoedling.at\/index.php\/wp-json\/wp\/v2\/media?parent=24"}],"curies":[{"name":"wp","href":"https:\/\/api.w.org\/{rel}","templated":true}]}}