{"id":358,"date":"2017-02-21T11:30:25","date_gmt":"2017-02-21T11:30:25","guid":{"rendered":"http:\/\/www.ccmoedling.at\/?page_id=358"},"modified":"2017-02-21T11:33:43","modified_gmt":"2017-02-21T11:33:43","slug":"therefore-corporation","status":"publish","type":"page","link":"https:\/\/www.ccmoedling.at\/index.php\/dienstleister\/therefore-corporation\/","title":{"rendered":"Therefore Corporation"},"content":{"rendered":"<div class='w3eden' id='layout_page'><div class=\"minimax_content_area row \" id=\"row_58a6f01b0f891\" style=\"position: relative;\" > \n\n        <div class=\"gridt col-md-6 minimax_column\" id=\"column_1_58a6f01b0f891\">\n\n            \n            <div class='minimax_module wow  minimax_image ' style='' data-wow-duration='1s' data-wow-delay='1s'><div class=\"widget_minimax_image\">        <div class=\"media\">\n            <div class=\"pull-left\">\n                                <img decoding=\"async\" class=\"img-responsive img-thumbnail\" src=\"https:\/\/www.ccmoedling.at\/wp-content\/uploads\/2017\/02\/Logo_-therefor-corporation-550x200.gif\" title=\"\" alt=\"\">\n                            <\/div>\n            <div class=\"media-body\" id=\"mx-img-txt-6a0719dbbff46\">\n            <h1><\/h1><p><\/p>         \n            <\/div>\n        <\/div> \n         \n        <\/div><\/div>\n            \n        <\/div>\n \n\n        <div class=\"gridt col-md-6 minimax_column\" id=\"column_2_58a6f01b0f891\">\n\n            \n            <div class='minimax_module wow  MiniMax_RichText ' style='' data-wow-duration='1s' data-wow-delay='1s'><div class=\"widget_minimax_richtext\">                        \n\t\t\t<div class=\"\">Therefore Corporation GmbH<\/div>\t\t\t\n\t\t\t<\/div><\/div><div class='minimax_module wow  WP_Widget_Text ' style='' data-wow-duration='1s' data-wow-delay='1s'><div class=\"widget_text\">\t\t\t<div class=\"textwidget\">Wiener Stra\u00dfe 2 \/2 <br> 2340 M\u00f6dling <br> Tel.: +43 (0)2236 865 300 <br>\n<\/div>\n\t\t<\/div><\/div><div class='minimax_module wow  MiniMax_RichText ' style='' data-wow-duration='1s' data-wow-delay='1s'><div class=\"widget_minimax_richtext\">                        \n\t\t\t<div class=\"\">Email: <a href=\"mailto:office@therefore.net\">office@therefore.net<\/a>\n\n&nbsp;\n\nHomepage: <a href=\"http:\/\/www.therefore.net\">www.therefore.net<\/a><\/div>\t\t\t\n\t\t\t<\/div><\/div>\n            \n        <\/div>\n<div style='clear: both;'><\/div><\/div><div class=\"minimax_content_area row \" id=\"row_58a6f75d08679\" style=\"position: relative;\" > \n\n        <div class=\"gridt col-md-12 minimax_column\" id=\"column_1_58a6f75d08679\">\n\n            \n            <div class='minimax_module wow  WP_Widget_Text ' style='' data-wow-duration='1s' data-wow-delay='1s'><div class=\"widget_text\">\t\t\t<div class=\"textwidget\"><br>\nTherefore Corporation ist eine Softwarefirma die sich zur Aufgabe gemacht hat, neue Technologien zu entwickeln um Ihren gesch\u00e4ftlichen Erfolg zu unterst\u00fctzen. Wir werden von Investoren, wie Canon und Equity 51, unterst\u00fctzt und sind ein dynamisches Echtzeitunternehmen.<br>\n <br>\nWir entwickeln Informationsmanagement-Software f\u00fcr Unternehmen aller Gr\u00f6\u00dfen, Branchen und Abteilungen. Unsere Softwarel\u00f6sungen erh\u00f6hen die Sicherheit Ihrer Dokumente und gleichzeitig deren Zugriff. Sie erleichtern die \u00dcbersicht auf \u00c4nderungen an Dokumenten und unterst\u00fctzen Mitarbeiter effizienter und produktiver zu arbeiten.<br>\n <br>\nUm diese Ziele zu erreichen, bieten wir breitgef\u00e4cherte Tools an: Vom flexiblen Workflowmodul bis zur Integration mit Ihren bereits vorhandenen Systemen; sowie Aktenverwaltung, mobilen Zugang und Datensicherheit.\n\n<\/div>\n\t\t<\/div><\/div>\n            \n        <\/div>\n<div style='clear: both;'><\/div><\/div><\/div>","protected":false},"excerpt":{"rendered":"<p>Therefore Corporation GmbH Wiener Stra\u00dfe 2 \/2 2340 M\u00f6dling Tel.: +43 (0)2236 865 300 Email: office@therefore.net &nbsp; Homepage: www.therefore.net Therefore Corporation ist eine Softwarefirma die sich zur Aufgabe gemacht hat, neue Technologien zu entwickeln um Ihren gesch\u00e4ftlichen Erfolg zu unterst\u00fctzen. Wir werden von Investoren, wie Canon und Equity 51, unterst\u00fctzt und sind ein dynamisches Echtzeitunternehmen. <a href=\"https:\/\/www.ccmoedling.at\/index.php\/dienstleister\/therefore-corporation\/\" class=\"more-link\">...continue reading<span class=\"screen-reader-text\"> \"Therefore Corporation\"<\/span><\/a><\/p>\n","protected":false},"author":1,"featured_media":0,"parent":83,"menu_order":5,"comment_status":"closed","ping_status":"closed","template":"","meta":{"om_disable_all_campaigns":false,"sfsi_plus_gutenberg_text_before_share":"","sfsi_plus_gutenberg_show_text_before_share":"","sfsi_plus_gutenberg_icon_type":"","sfsi_plus_gutenberg_icon_alignemt":"","sfsi_plus_gutenburg_max_per_row":"","_monsterinsights_skip_tracking":false,"_monsterinsights_sitenote_active":false,"_monsterinsights_sitenote_note":"","_monsterinsights_sitenote_category":0,"_uf_show_specific_survey":0,"_uf_disable_surveys":false,"footnotes":""},"class_list":["post-358","page","type-page","status-publish","h-entry","hentry","h-as-page"],"aioseo_notices":[],"_links":{"self":[{"href":"https:\/\/www.ccmoedling.at\/index.php\/wp-json\/wp\/v2\/pages\/358","targetHints":{"allow":["GET"]}}],"collection":[{"href":"https:\/\/www.ccmoedling.at\/index.php\/wp-json\/wp\/v2\/pages"}],"about":[{"href":"https:\/\/www.ccmoedling.at\/index.php\/wp-json\/wp\/v2\/types\/page"}],"author":[{"embeddable":true,"href":"https:\/\/www.ccmoedling.at\/index.php\/wp-json\/wp\/v2\/users\/1"}],"replies":[{"embeddable":true,"href":"https:\/\/www.ccmoedling.at\/index.php\/wp-json\/wp\/v2\/comments?post=358"}],"version-history":[{"count":1,"href":"https:\/\/www.ccmoedling.at\/index.php\/wp-json\/wp\/v2\/pages\/358\/revisions"}],"predecessor-version":[{"id":360,"href":"https:\/\/www.ccmoedling.at\/index.php\/wp-json\/wp\/v2\/pages\/358\/revisions\/360"}],"up":[{"embeddable":true,"href":"https:\/\/www.ccmoedling.at\/index.php\/wp-json\/wp\/v2\/pages\/83"}],"wp:attachment":[{"href":"https:\/\/www.ccmoedling.at\/index.php\/wp-json\/wp\/v2\/media?parent=358"}],"curies":[{"name":"wp","href":"https:\/\/api.w.org\/{rel}","templated":true}]}}