{"id":713,"date":"2017-07-06T11:19:45","date_gmt":"2017-07-06T11:19:45","guid":{"rendered":"http:\/\/www.ccmoedling.at\/?page_id=713"},"modified":"2017-11-10T12:40:48","modified_gmt":"2017-11-10T12:40:48","slug":"ccm-in-der-presse","status":"publish","type":"page","link":"https:\/\/www.ccmoedling.at\/index.php\/uber-ccm\/ccm-in-der-presse\/","title":{"rendered":"CCM in der Presse"},"content":{"rendered":"<p><span style=\"text-decoration: underline;\">M\u00f6dling, 09.November 2017<\/span><\/p>\n<p>Mit Verordnung der Bezirkshauptmannschaft wurden der Bahnhofsbereich, die Park &amp; Ride-Anlage der \u00d6BB, das Areal des City Center M\u00f6dling inklusive Parkplatz ab sofort zur Schutzzone erkl\u00e4rt. Die Schutzzone gilt vorerst sechs Monate.\u00a0Somit wird dem Sicherheitsempfinden der Bev\u00f6lkerung seitens Beh\u00f6rden beigetragen:\u00a0<a href=\"http:\/\/m.noen.at\/moedling\/sicherheitsforum-schutzzone-beim-moedlinger-bahnhof-wurde-verordnet\/66.632.014\">www.noen.at\/moedling\/sicherheitsforum.<\/a><\/p>\n<p><span style=\"text-decoration: underline;\">M\u00f6dling, 30.September 2017<\/span><\/p>\n<p style=\"text-align: justify;\">Auf der Homepage der N\u00d6N ist ein Artikel \u00fcber die gelungene \u00c4nderung des Parkanlagenkonzepts, welches das\u00a0<img loading=\"lazy\" decoding=\"async\" class=\"alignnone size-full wp-image-483\" style=\"border: 0; box-shadow: none; margin-bottom: 5px;\" src=\"https:\/\/www.ccmoedling.at\/wp-content\/uploads\/2016\/08\/Unbenannt.png\" alt=\"Unbenannt\" width=\"57\" height=\"18\" \/>\u00a0City Center M\u00f6dling Anfang Juni 2017 eingef\u00fchrt hat, erschienen:\u00a0<a href=\"http:\/\/www.noen.at\/moedling\/moedling-erste-bilanz-ist-nahe-am-optimum\/61.943.677\">www.noen.at\/moedling\/moedling-erste-bilanz-ist-nahe-am-optimum\/61.943.677<\/a><\/p>\n<p><span style=\"text-decoration: underline;\">M\u00f6dling, 08.August 2017<\/span><\/p>\n<p style=\"text-align: justify;\">Auf der Homepage der Gemeinde M\u00f6dling wird ein weiteres Mal auf das neue Parkanlagenkonzept des\u00a0<img loading=\"lazy\" decoding=\"async\" class=\"alignnone size-full wp-image-483\" style=\"border: 0; box-shadow: none; margin-bottom: 5px;\" src=\"https:\/\/www.ccmoedling.at\/wp-content\/uploads\/2016\/08\/Unbenannt.png\" alt=\"Unbenannt\" width=\"57\" height=\"18\" \/>\u00a0City Center M\u00f6dling aufmerksam gemacht:\u00a0<a href=\"http:\/\/www.moedling.at\/Parkanlagenkonzept_im_City_Center_Moedling\">www.moedling.at\/Parkanlagenkonzept_im_City_Center_Moedling<\/a><\/p>\n<p><span style=\"text-decoration: underline;\">M\u00f6dling, 12.Juni 2017<\/span><\/p>\n<p>Meinbezirk berichtet\u00a0\u00fcber das ereignisreiche 10-j\u00e4hrige Jubil\u00e4umsfest des <img loading=\"lazy\" decoding=\"async\" class=\"alignnone size-full wp-image-483\" style=\"border: 0; box-shadow: none; margin-bottom: 5px;\" src=\"https:\/\/www.ccmoedling.at\/wp-content\/uploads\/2016\/08\/Unbenannt.png\" alt=\"Unbenannt\" width=\"57\" height=\"18\" \/>City Center M\u00f6dling:\u00a0<a href=\"https:\/\/www.meinbezirk.at\/moedling\/wirtschaft\/10-jahre-city-center-d2154737.html\">www.meinbezirk.at\/moedling\/wirtschaft<\/a><\/p>\n<p><span style=\"text-decoration: underline;\">M\u00f6dling, 6.Juni 2017<\/span><\/p>\n<p>Die 10-Jahresfeier des City Centers und die neue Parkraumbewirtschaftung werden bei der N\u00d6N belichtet:\u00a0<a href=\"https:\/\/www.ccmoedling.at\/wp-content\/uploads\/2017\/07\/N\u00d6N-M\u00f6dling-W24-10-Jahre-City-Center.pdf\">N\u00d6N M\u00f6dling-W24-10-Jahre-City-Center<\/a><\/p>\n<p>\u00dcber die neuen Elektro-Zapfs\u00e4ulen im Parkraum des\u00a0<img loading=\"lazy\" decoding=\"async\" class=\"alignnone size-full wp-image-483\" style=\"border: 0; box-shadow: none; margin-bottom: 5px;\" src=\"https:\/\/www.ccmoedling.at\/wp-content\/uploads\/2016\/08\/Unbenannt.png\" alt=\"Unbenannt\" width=\"57\" height=\"18\" \/>\u00a0schreibt die N\u00d6N:\u00a0<a href=\"https:\/\/www.ccmoedling.at\/wp-content\/uploads\/2017\/07\/N\u00d6N-M\u00f6dling-W25-Laden-beim-Parken.pdf\">N\u00d6N M\u00f6dling-W25-Laden-beim-Parken<\/a><\/p>\n<p><span style=\"text-decoration: underline;\">M\u00f6dling, 1.Juni 2017<\/span><\/p>\n<p>N\u00d6N berichtet \u00fcber das neues Parkanlagenkonzept, das am 01.Juni 2017 feierlich eingef\u00fchrt wurde\u00a0<a href=\"http:\/\/www.noen.at\/moedling\/neues-parkanlagen-konzept-ende-der-abzocke-im-city-center-moedling\/48.553.321\">www.noen.at\/moedling<\/a><\/p>\n<p>&nbsp;<\/p>\n","protected":false},"excerpt":{"rendered":"<p>M\u00f6dling, 09.November 2017 Mit Verordnung der Bezirkshauptmannschaft wurden der Bahnhofsbereich, die Park &amp; Ride-Anlage der \u00d6BB, das Areal des City Center M\u00f6dling inklusive Parkplatz ab sofort zur Schutzzone erkl\u00e4rt. Die Schutzzone gilt vorerst sechs Monate.\u00a0Somit wird dem Sicherheitsempfinden der Bev\u00f6lkerung seitens Beh\u00f6rden beigetragen:\u00a0www.noen.at\/moedling\/sicherheitsforum. M\u00f6dling, 30.September 2017 Auf der Homepage der N\u00d6N ist ein Artikel \u00fcber <a href=\"https:\/\/www.ccmoedling.at\/index.php\/uber-ccm\/ccm-in-der-presse\/\" class=\"more-link\">...continue reading<span class=\"screen-reader-text\"> \"CCM in der Presse\"<\/span><\/a><\/p>\n","protected":false},"author":1,"featured_media":0,"parent":24,"menu_order":3,"comment_status":"closed","ping_status":"closed","template":"","meta":{"om_disable_all_campaigns":false,"sfsi_plus_gutenberg_text_before_share":"","sfsi_plus_gutenberg_show_text_before_share":"","sfsi_plus_gutenberg_icon_type":"","sfsi_plus_gutenberg_icon_alignemt":"","sfsi_plus_gutenburg_max_per_row":"","_monsterinsights_skip_tracking":false,"_monsterinsights_sitenote_active":false,"_monsterinsights_sitenote_note":"","_monsterinsights_sitenote_category":0,"_uf_show_specific_survey":0,"_uf_disable_surveys":false,"footnotes":""},"class_list":["post-713","page","type-page","status-publish","h-entry","hentry","h-as-page"],"aioseo_notices":[],"_links":{"self":[{"href":"https:\/\/www.ccmoedling.at\/index.php\/wp-json\/wp\/v2\/pages\/713","targetHints":{"allow":["GET"]}}],"collection":[{"href":"https:\/\/www.ccmoedling.at\/index.php\/wp-json\/wp\/v2\/pages"}],"about":[{"href":"https:\/\/www.ccmoedling.at\/index.php\/wp-json\/wp\/v2\/types\/page"}],"author":[{"embeddable":true,"href":"https:\/\/www.ccmoedling.at\/index.php\/wp-json\/wp\/v2\/users\/1"}],"replies":[{"embeddable":true,"href":"https:\/\/www.ccmoedling.at\/index.php\/wp-json\/wp\/v2\/comments?post=713"}],"version-history":[{"count":20,"href":"https:\/\/www.ccmoedling.at\/index.php\/wp-json\/wp\/v2\/pages\/713\/revisions"}],"predecessor-version":[{"id":839,"href":"https:\/\/www.ccmoedling.at\/index.php\/wp-json\/wp\/v2\/pages\/713\/revisions\/839"}],"up":[{"embeddable":true,"href":"https:\/\/www.ccmoedling.at\/index.php\/wp-json\/wp\/v2\/pages\/24"}],"wp:attachment":[{"href":"https:\/\/www.ccmoedling.at\/index.php\/wp-json\/wp\/v2\/media?parent=713"}],"curies":[{"name":"wp","href":"https:\/\/api.w.org\/{rel}","templated":true}]}}