{"id":81,"date":"2016-08-24T12:04:44","date_gmt":"2016-08-24T12:04:44","guid":{"rendered":"http:\/\/www.ccmoedling.at\/?page_id=81"},"modified":"2019-11-20T09:53:29","modified_gmt":"2019-11-20T09:53:29","slug":"ordinationen","status":"publish","type":"page","link":"https:\/\/www.ccmoedling.at\/index.php\/ordinationen\/","title":{"rendered":"Ordinationen"},"content":{"rendered":"<p><a href=\"https:\/\/www.ccmoedling.at\/index.php\/ordinationen\/allgemeinmediziner-dr-dimitrios-papaevangelou\/\">Allgemeinmediziner Dr. Dimitrios Papaevangelou<\/a><\/p>\n<p class=\"entry-title\" style=\"text-align: left;\">Augen\u00e4rztin Dr. Claudia Gr\u00f6sswang<\/p>\n<p class=\"entry-title\"><a href=\"https:\/\/www.ccmoedling.at\/index.php\/ordinationen\/kieferorthopade-dr-grabner\/\">Kieferorthop\u00e4de Dr. Gerald Grabner<\/a><\/p>\n<p class=\"entry-title\"><a href=\"https:\/\/www.ccmoedling.at\/index.php\/ordinationen\/kinderarztin-dr-jahn\/\">Kinder\u00e4rztin Dr. Christine Jahn\u00a0<\/a><\/p>\n<p class=\"entry-title\">\u00a0<a href=\"https:\/\/www.ccmoedling.at\/index.php\/ordinationen\/orthopade-prim-dr-anderl\/\">Orthop\u00e4de Prim. Dr. Werner Anderl<\/a><\/p>\n","protected":false},"excerpt":{"rendered":"<p>Allgemeinmediziner Dr. Dimitrios Papaevangelou Augen\u00e4rztin Dr. Claudia Gr\u00f6sswang Kieferorthop\u00e4de Dr. Gerald Grabner Kinder\u00e4rztin Dr. Christine Jahn\u00a0 \u00a0Orthop\u00e4de Prim. Dr. Werner Anderl<\/p>\n","protected":false},"author":1,"featured_media":0,"parent":0,"menu_order":2,"comment_status":"closed","ping_status":"closed","template":"","meta":{"om_disable_all_campaigns":false,"sfsi_plus_gutenberg_text_before_share":"","sfsi_plus_gutenberg_show_text_before_share":"","sfsi_plus_gutenberg_icon_type":"","sfsi_plus_gutenberg_icon_alignemt":"","sfsi_plus_gutenburg_max_per_row":"","_monsterinsights_skip_tracking":false,"_monsterinsights_sitenote_active":false,"_monsterinsights_sitenote_note":"","_monsterinsights_sitenote_category":0,"_uf_show_specific_survey":0,"_uf_disable_surveys":false,"footnotes":""},"class_list":["post-81","page","type-page","status-publish","h-entry","hentry","h-as-page"],"aioseo_notices":[],"_links":{"self":[{"href":"https:\/\/www.ccmoedling.at\/index.php\/wp-json\/wp\/v2\/pages\/81","targetHints":{"allow":["GET"]}}],"collection":[{"href":"https:\/\/www.ccmoedling.at\/index.php\/wp-json\/wp\/v2\/pages"}],"about":[{"href":"https:\/\/www.ccmoedling.at\/index.php\/wp-json\/wp\/v2\/types\/page"}],"author":[{"embeddable":true,"href":"https:\/\/www.ccmoedling.at\/index.php\/wp-json\/wp\/v2\/users\/1"}],"replies":[{"embeddable":true,"href":"https:\/\/www.ccmoedling.at\/index.php\/wp-json\/wp\/v2\/comments?post=81"}],"version-history":[{"count":11,"href":"https:\/\/www.ccmoedling.at\/index.php\/wp-json\/wp\/v2\/pages\/81\/revisions"}],"predecessor-version":[{"id":999,"href":"https:\/\/www.ccmoedling.at\/index.php\/wp-json\/wp\/v2\/pages\/81\/revisions\/999"}],"wp:attachment":[{"href":"https:\/\/www.ccmoedling.at\/index.php\/wp-json\/wp\/v2\/media?parent=81"}],"curies":[{"name":"wp","href":"https:\/\/api.w.org\/{rel}","templated":true}]}}