{"id":83,"date":"2016-08-24T12:05:25","date_gmt":"2016-08-24T12:05:25","guid":{"rendered":"http:\/\/www.ccmoedling.at\/?page_id=83"},"modified":"2019-08-22T08:06:54","modified_gmt":"2019-08-22T08:06:54","slug":"dienstleister","status":"publish","type":"page","link":"https:\/\/www.ccmoedling.at\/index.php\/dienstleister\/","title":{"rendered":"Dienstleister"},"content":{"rendered":"<p class=\"entry-title\"><a href=\"https:\/\/www.ccmoedling.at\/index.php\/dienstleister\/enu-energie-und-umweltagentur-noe\/\">eNu\u00a0Energie- und Umweltagentur N\u00d6<\/a><\/p>\n<p class=\"entry-title\"><a href=\"https:\/\/www.ccmoedling.at\/index.php\/dienstleister\/mrs-sporty\/\">Mrs. Sporty<\/a><\/p>\n<p class=\"entry-title\"><a href=\"https:\/\/www.ccmoedling.at\/index.php\/dienstleister\/notruf-niederosterreich\/\">Notruf Nieder\u00f6sterreich<\/a><\/p>\n<p class=\"entry-title\"><a href=\"https:\/\/www.ccmoedling.at\/index.php\/dienstleister\/noe-landesverein-fur-sachwalterschaft\/\">N\u00d6 Landesverein f\u00fcr Sachwalterschaft<\/a><\/p>\n<p class=\"entry-title\"><a href=\"https:\/\/www.ccmoedling.at\/index.php\/dienstleister\/therefore\/\">Therefore<\/a><\/p>\n<p class=\"entry-title\">\n","protected":false},"excerpt":{"rendered":"<p>eNu\u00a0Energie- und Umweltagentur N\u00d6 Mrs. Sporty Notruf Nieder\u00f6sterreich N\u00d6 Landesverein f\u00fcr Sachwalterschaft Therefore<\/p>\n","protected":false},"author":1,"featured_media":0,"parent":0,"menu_order":3,"comment_status":"closed","ping_status":"closed","template":"","meta":{"om_disable_all_campaigns":false,"sfsi_plus_gutenberg_text_before_share":"","sfsi_plus_gutenberg_show_text_before_share":"","sfsi_plus_gutenberg_icon_type":"","sfsi_plus_gutenberg_icon_alignemt":"","sfsi_plus_gutenburg_max_per_row":"","_monsterinsights_skip_tracking":false,"_monsterinsights_sitenote_active":false,"_monsterinsights_sitenote_note":"","_monsterinsights_sitenote_category":0,"_uf_show_specific_survey":0,"_uf_disable_surveys":false,"footnotes":""},"class_list":["post-83","page","type-page","status-publish","h-entry","hentry","h-as-page"],"aioseo_notices":[],"_links":{"self":[{"href":"https:\/\/www.ccmoedling.at\/index.php\/wp-json\/wp\/v2\/pages\/83","targetHints":{"allow":["GET"]}}],"collection":[{"href":"https:\/\/www.ccmoedling.at\/index.php\/wp-json\/wp\/v2\/pages"}],"about":[{"href":"https:\/\/www.ccmoedling.at\/index.php\/wp-json\/wp\/v2\/types\/page"}],"author":[{"embeddable":true,"href":"https:\/\/www.ccmoedling.at\/index.php\/wp-json\/wp\/v2\/users\/1"}],"replies":[{"embeddable":true,"href":"https:\/\/www.ccmoedling.at\/index.php\/wp-json\/wp\/v2\/comments?post=83"}],"version-history":[{"count":14,"href":"https:\/\/www.ccmoedling.at\/index.php\/wp-json\/wp\/v2\/pages\/83\/revisions"}],"predecessor-version":[{"id":433,"href":"https:\/\/www.ccmoedling.at\/index.php\/wp-json\/wp\/v2\/pages\/83\/revisions\/433"}],"wp:attachment":[{"href":"https:\/\/www.ccmoedling.at\/index.php\/wp-json\/wp\/v2\/media?parent=83"}],"curies":[{"name":"wp","href":"https:\/\/api.w.org\/{rel}","templated":true}]}}