{"id":91,"date":"2016-08-24T14:35:14","date_gmt":"2016-08-24T14:35:14","guid":{"rendered":"http:\/\/www.ccmoedling.at\/?page_id=91"},"modified":"2018-05-30T09:16:21","modified_gmt":"2018-05-30T09:16:21","slug":"impressum","status":"publish","type":"page","link":"https:\/\/www.ccmoedling.at\/index.php\/impressum\/","title":{"rendered":"Impressum"},"content":{"rendered":"<p style=\"text-align: justify;\">NAME, ANSCHRIFT, FIRMENINFORMATIONEN DES MEDIENINHABERS:<br \/>\n<span style=\"color: #808080;\">GILAMO Beteiligungsverwaltungs GmbH &amp; CoKG<\/span><br \/>\n<span style=\"color: #808080;\"> Witzelsbergergasse 26-28\/402<\/span><br \/>\n<span style=\"color: #808080;\"> 1150 Wien<\/span><br \/>\n<span style=\"color: #808080;\">Firmenbuchnummer: FN 271398s<\/span><br \/>\n<span style=\"color: #808080;\">UID Nummer: ATU 62371203<\/span><\/p>\n<p style=\"line-height: 21.6pt; text-align: justify;\">KONTAKT:<br \/>\n<span style=\"color: #808080;\">E-Mail: <a href=\"mailto:office@ccmoedling.at\">office@ccmoedling.at<\/a><\/span><\/p>\n<p style=\"line-height: 21.6pt; text-align: justify; background: white;\"><span style=\"font-family: 'Verdana',sans-serif; color: #222222;\">ZWECK DER WEBSITE:<br \/>\n<\/span><span style=\"font-family: 'Verdana',sans-serif; color: gray;\">Die Website <a href=\"https:\/\/www.ccmoedling.at\">www.ccmoedling.at<\/a>\u00a0bietet Informationen \u00fcber die Aktivit\u00e4ten im City Center M\u00f6dling und weist keinen Informationsgehalt auf, der geeignet ist, die \u00f6ffentliche Meinungsbildung zu beeinflussen.<\/span><\/p>\n<p style=\"line-height: 21.6pt; text-align: justify; background: white;\"><span style=\"font-family: 'Verdana',sans-serif; color: #222222;\">BLATTLINIE:<br \/>\n<\/span><span style=\"font-family: 'Verdana',sans-serif; color: gray;\">Die CCM Website <a href=\"https:\/\/www.ccmoedling.at\">www.ccmoedling.at<\/a> bietet Informationen \u00fcber Aktivit\u00e4ten sowie Gesch\u00e4fte, Ordinationen und Dienstleister im City Center M\u00f6dling.<\/span><\/p>\n","protected":false},"excerpt":{"rendered":"<p>NAME, ANSCHRIFT, FIRMENINFORMATIONEN DES MEDIENINHABERS: GILAMO Beteiligungsverwaltungs GmbH &amp; CoKG Witzelsbergergasse 26-28\/402 1150 Wien Firmenbuchnummer: FN 271398s UID Nummer: ATU 62371203 KONTAKT: E-Mail: office@ccmoedling.at ZWECK DER WEBSITE: Die Website www.ccmoedling.at\u00a0bietet Informationen \u00fcber die Aktivit\u00e4ten im City Center M\u00f6dling und weist keinen Informationsgehalt auf, der geeignet ist, die \u00f6ffentliche Meinungsbildung zu beeinflussen. BLATTLINIE: Die CCM Website <a href=\"https:\/\/www.ccmoedling.at\/index.php\/impressum\/\" class=\"more-link\">...continue reading<span class=\"screen-reader-text\"> \"Impressum\"<\/span><\/a><\/p>\n","protected":false},"author":1,"featured_media":0,"parent":0,"menu_order":8,"comment_status":"closed","ping_status":"closed","template":"","meta":{"om_disable_all_campaigns":false,"sfsi_plus_gutenberg_text_before_share":"","sfsi_plus_gutenberg_show_text_before_share":"","sfsi_plus_gutenberg_icon_type":"","sfsi_plus_gutenberg_icon_alignemt":"","sfsi_plus_gutenburg_max_per_row":"","_monsterinsights_skip_tracking":false,"_monsterinsights_sitenote_active":false,"_monsterinsights_sitenote_note":"","_monsterinsights_sitenote_category":0,"_uf_show_specific_survey":0,"_uf_disable_surveys":false,"footnotes":""},"class_list":["post-91","page","type-page","status-publish","h-entry","hentry","h-as-page"],"aioseo_notices":[],"_links":{"self":[{"href":"https:\/\/www.ccmoedling.at\/index.php\/wp-json\/wp\/v2\/pages\/91","targetHints":{"allow":["GET"]}}],"collection":[{"href":"https:\/\/www.ccmoedling.at\/index.php\/wp-json\/wp\/v2\/pages"}],"about":[{"href":"https:\/\/www.ccmoedling.at\/index.php\/wp-json\/wp\/v2\/types\/page"}],"author":[{"embeddable":true,"href":"https:\/\/www.ccmoedling.at\/index.php\/wp-json\/wp\/v2\/users\/1"}],"replies":[{"embeddable":true,"href":"https:\/\/www.ccmoedling.at\/index.php\/wp-json\/wp\/v2\/comments?post=91"}],"version-history":[{"count":27,"href":"https:\/\/www.ccmoedling.at\/index.php\/wp-json\/wp\/v2\/pages\/91\/revisions"}],"predecessor-version":[{"id":895,"href":"https:\/\/www.ccmoedling.at\/index.php\/wp-json\/wp\/v2\/pages\/91\/revisions\/895"}],"wp:attachment":[{"href":"https:\/\/www.ccmoedling.at\/index.php\/wp-json\/wp\/v2\/media?parent=91"}],"curies":[{"name":"wp","href":"https:\/\/api.w.org\/{rel}","templated":true}]}}